{"id":3323,"date":"2024-11-01T14:09:36","date_gmt":"2024-11-01T18:09:36","guid":{"rendered":"https:\/\/dumoulincompetition.com\/our-drivers\/"},"modified":"2025-03-18T10:37:13","modified_gmt":"2025-03-18T14:37:13","slug":"our-drivers","status":"publish","type":"page","link":"https:\/\/dumoulincompetition.com\/en\/our-drivers\/","title":{"rendered":"Our drivers"},"content":{"rendered":"\t\t<div data-elementor-type=\"wp-page\" data-elementor-id=\"3323\" class=\"elementor elementor-3323 elementor-797\" data-elementor-post-type=\"page\">\n\t\t\t\t<div class=\"elementor-element elementor-element-aae6f44 e-flex e-con-boxed e-con e-parent\" data-id=\"aae6f44\" data-element_type=\"container\" data-e-type=\"container\" data-settings=\"{&quot;background_background&quot;:&quot;gradient&quot;}\">\n\t\t\t\t\t<div class=\"e-con-inner\">\n\t\t<div class=\"elementor-element elementor-element-834630a e-flex e-con-boxed e-con e-child\" data-id=\"834630a\" data-element_type=\"container\" data-e-type=\"container\">\n\t\t\t\t\t<div class=\"e-con-inner\">\n\t\t<a class=\"elementor-element elementor-element-bf40612 e-con-full e-flex e-con e-child\" data-id=\"bf40612\" data-element_type=\"container\" data-e-type=\"container\" data-settings=\"{&quot;background_background&quot;:&quot;classic&quot;}\" href=\"https:\/\/dumoulincompetition.com\/en\/louis-philippe-dumoulin\/\">\n\t\t<div class=\"elementor-element elementor-element-917e9f5 e-con-full e-flex e-con e-child\" data-id=\"917e9f5\" data-element_type=\"container\" data-e-type=\"container\" data-settings=\"{&quot;background_background&quot;:&quot;classic&quot;,&quot;position&quot;:&quot;absolute&quot;}\">\n\t\t\t\t<\/div>\n\t\t<div class=\"elementor-element elementor-element-1aa2c86 e-con-full animated-slow e-flex elementor-invisible e-con e-child\" data-id=\"1aa2c86\" data-element_type=\"container\" data-e-type=\"container\" data-settings=\"{&quot;animation&quot;:&quot;fadeInUp&quot;}\">\n\t\t\t\t<div class=\"elementor-element elementor-element-e1fa0cd elementor-widget elementor-widget-heading\" data-id=\"e1fa0cd\" data-element_type=\"widget\" data-e-type=\"widget\" data-widget_type=\"heading.default\">\n\t\t\t\t<div class=\"elementor-widget-container\">\n\t\t\t\t\t<h2 class=\"elementor-heading-title elementor-size-default\">LP<br><span class=\"sous-titre\">Dumoulin<\/span>\n<\/h2>\t\t\t\t<\/div>\n\t\t\t\t<\/div>\n\t\t\t\t<\/div>\n\t\t<div class=\"elementor-element elementor-element-1d798dc e-con-full e-flex e-con e-child\" data-id=\"1d798dc\" data-element_type=\"container\" data-e-type=\"container\">\n\t\t<div class=\"elementor-element elementor-element-2ffb33a e-con-full e-flex e-con e-child\" data-id=\"2ffb33a\" data-element_type=\"container\" data-e-type=\"container\">\n\t\t\t\t<div class=\"elementor-element elementor-element-9592714 elementor-widget elementor-widget-heading\" data-id=\"9592714\" data-element_type=\"widget\" data-e-type=\"widget\" data-widget_type=\"heading.default\">\n\t\t\t\t<div class=\"elementor-widget-container\">\n\t\t\t\t\t<h2 class=\"elementor-heading-title elementor-size-default\">47<\/h2>\t\t\t\t<\/div>\n\t\t\t\t<\/div>\n\t\t\t\t<\/div>\n\t\t\t\t<\/div>\n\t\t\t\t<\/a>\n\t\t<a class=\"elementor-element elementor-element-3e4cb50 e-con-full e-flex e-con e-child\" data-id=\"3e4cb50\" data-element_type=\"container\" data-e-type=\"container\" data-settings=\"{&quot;background_background&quot;:&quot;classic&quot;}\" href=\"https:\/\/dumoulincompetition.com\/en\/jean-francois-dumoulin\/\">\n\t\t<div class=\"elementor-element elementor-element-b185d23 e-con-full e-flex e-con e-child\" data-id=\"b185d23\" data-element_type=\"container\" data-e-type=\"container\" data-settings=\"{&quot;background_background&quot;:&quot;classic&quot;,&quot;position&quot;:&quot;absolute&quot;}\">\n\t\t\t\t<\/div>\n\t\t<div class=\"elementor-element elementor-element-e6a44ed e-con-full animated-slow e-flex elementor-invisible e-con e-child\" data-id=\"e6a44ed\" data-element_type=\"container\" data-e-type=\"container\" data-settings=\"{&quot;animation&quot;:&quot;fadeInUp&quot;}\">\n\t\t\t\t<div class=\"elementor-element elementor-element-243640e elementor-widget elementor-widget-heading\" data-id=\"243640e\" data-element_type=\"widget\" data-e-type=\"widget\" data-widget_type=\"heading.default\">\n\t\t\t\t<div class=\"elementor-widget-container\">\n\t\t\t\t\t<h2 class=\"elementor-heading-title elementor-size-default\">JF<br><span class=\"sous-titre\">Dumoulin<\/span>\n<\/h2>\t\t\t\t<\/div>\n\t\t\t\t<\/div>\n\t\t\t\t<\/div>\n\t\t<div class=\"elementor-element elementor-element-7fd36cb e-con-full e-flex e-con e-child\" data-id=\"7fd36cb\" data-element_type=\"container\" data-e-type=\"container\">\n\t\t<div class=\"elementor-element elementor-element-1eeb314 e-con-full e-flex e-con e-child\" data-id=\"1eeb314\" data-element_type=\"container\" data-e-type=\"container\">\n\t\t\t\t<div class=\"elementor-element elementor-element-5079466 elementor-widget elementor-widget-heading\" data-id=\"5079466\" data-element_type=\"widget\" data-e-type=\"widget\" data-widget_type=\"heading.default\">\n\t\t\t\t<div class=\"elementor-widget-container\">\n\t\t\t\t\t<h2 class=\"elementor-heading-title elementor-size-default\">04<\/h2>\t\t\t\t<\/div>\n\t\t\t\t<\/div>\n\t\t\t\t<\/div>\n\t\t\t\t<\/div>\n\t\t\t\t<\/a>\n\t\t\t\t\t<\/div>\n\t\t\t\t<\/div>\n\t\t\t\t\t<\/div>\n\t\t\t\t<\/div>\n\t\t\t\t<\/div>\n\t\t","protected":false},"excerpt":{"rendered":"<p>LPDumoulin 47 JFDumoulin 04<\/p>\n","protected":false},"author":1,"featured_media":1958,"parent":0,"menu_order":0,"comment_status":"closed","ping_status":"closed","template":"","meta":{"_acf_changed":false,"site-sidebar-layout":"no-sidebar","site-content-layout":"","ast-site-content-layout":"full-width-container","site-content-style":"default","site-sidebar-style":"default","ast-global-header-display":"","ast-banner-title-visibility":"","ast-main-header-display":"","ast-hfb-above-header-display":"","ast-hfb-below-header-display":"","ast-hfb-mobile-header-display":"","site-post-title":"disabled","ast-breadcrumbs-content":"","ast-featured-img":"disabled","footer-sml-layout":"","ast-disable-related-posts":"","theme-transparent-header-meta":"","adv-header-id-meta":"","stick-header-meta":"","header-above-stick-meta":"","header-main-stick-meta":"","header-below-stick-meta":"","astra-migrate-meta-layouts":"default","ast-page-background-enabled":"default","ast-page-background-meta":{"desktop":{"background-color":"var(--ast-global-color-4)","background-image":"","background-repeat":"repeat","background-position":"center center","background-size":"auto","background-attachment":"scroll","background-type":"","background-media":"","overlay-type":"","overlay-color":"","overlay-opacity":"","overlay-gradient":""},"tablet":{"background-color":"","background-image":"","background-repeat":"repeat","background-position":"center center","background-size":"auto","background-attachment":"scroll","background-type":"","background-media":"","overlay-type":"","overlay-color":"","overlay-opacity":"","overlay-gradient":""},"mobile":{"background-color":"","background-image":"","background-repeat":"repeat","background-position":"center center","background-size":"auto","background-attachment":"scroll","background-type":"","background-media":"","overlay-type":"","overlay-color":"","overlay-opacity":"","overlay-gradient":""}},"ast-content-background-meta":{"desktop":{"background-color":"var(--ast-global-color-5)","background-image":"","background-repeat":"repeat","background-position":"center center","background-size":"auto","background-attachment":"scroll","background-type":"","background-media":"","overlay-type":"","overlay-color":"","overlay-opacity":"","overlay-gradient":""},"tablet":{"background-color":"var(--ast-global-color-5)","background-image":"","background-repeat":"repeat","background-position":"center center","background-size":"auto","background-attachment":"scroll","background-type":"","background-media":"","overlay-type":"","overlay-color":"","overlay-opacity":"","overlay-gradient":""},"mobile":{"background-color":"var(--ast-global-color-5)","background-image":"","background-repeat":"repeat","background-position":"center center","background-size":"auto","background-attachment":"scroll","background-type":"","background-media":"","overlay-type":"","overlay-color":"","overlay-opacity":"","overlay-gradient":""}},"footnotes":""},"class_list":["post-3323","page","type-page","status-publish","has-post-thumbnail","hentry"],"acf":[],"yoast_head":"<!-- This site is optimized with the Yoast SEO plugin v27.6 - https:\/\/yoast.com\/product\/yoast-seo-wordpress\/ -->\n<title>Our drivers - Dumoulin Comp\u00e9tition<\/title>\n<meta name=\"description\" content=\"Louis-Philippe #47 and Jean-Fran\u00e7ois #04 are both NASCAR drivers with the Dumoulin Comp\u00e9tition team.\" \/>\n<meta name=\"robots\" content=\"index, follow, max-snippet:-1, max-image-preview:large, max-video-preview:-1\" \/>\n<link rel=\"canonical\" href=\"https:\/\/dumoulincompetition.com\/nos-pilotes\/\" \/>\n<meta property=\"og:locale\" content=\"en_US\" \/>\n<meta property=\"og:type\" content=\"article\" \/>\n<meta property=\"og:title\" content=\"Our drivers - Dumoulin Comp\u00e9tition\" \/>\n<meta property=\"og:description\" content=\"Louis-Philippe #47 and Jean-Fran\u00e7ois #04 are both NASCAR drivers with the Dumoulin Comp\u00e9tition team.\" \/>\n<meta property=\"og:url\" content=\"https:\/\/dumoulincompetition.com\/nos-pilotes\/\" \/>\n<meta property=\"og:site_name\" content=\"Dumoulin Comp\u00e9tition\" \/>\n<meta property=\"article:modified_time\" content=\"2025-03-18T14:37:13+00:00\" \/>\n<meta property=\"og:image\" content=\"https:\/\/dumoulincompetition.com\/wp-content\/uploads\/2024\/11\/Photo-LP-JF.jpg\" \/>\n\t<meta property=\"og:image:width\" content=\"1620\" \/>\n\t<meta property=\"og:image:height\" content=\"1080\" \/>\n\t<meta property=\"og:image:type\" content=\"image\/jpeg\" \/>\n<meta name=\"twitter:card\" content=\"summary_large_image\" \/>\n<script type=\"application\/ld+json\" class=\"yoast-schema-graph\">{\"@context\":\"https:\\\/\\\/schema.org\",\"@graph\":[{\"@type\":\"WebPage\",\"@id\":\"https:\\\/\\\/dumoulincompetition.com\\\/nos-pilotes\\\/\",\"url\":\"https:\\\/\\\/dumoulincompetition.com\\\/nos-pilotes\\\/\",\"name\":\"Our drivers - Dumoulin Comp\u00e9tition\",\"isPartOf\":{\"@id\":\"https:\\\/\\\/dumoulincompetition.com\\\/#website\"},\"primaryImageOfPage\":{\"@id\":\"https:\\\/\\\/dumoulincompetition.com\\\/nos-pilotes\\\/#primaryimage\"},\"image\":{\"@id\":\"https:\\\/\\\/dumoulincompetition.com\\\/nos-pilotes\\\/#primaryimage\"},\"thumbnailUrl\":\"https:\\\/\\\/dumoulincompetition.com\\\/wp-content\\\/uploads\\\/2024\\\/11\\\/Photo-LP-JF.jpg\",\"datePublished\":\"2024-11-01T18:09:36+00:00\",\"dateModified\":\"2025-03-18T14:37:13+00:00\",\"description\":\"Louis-Philippe #47 and Jean-Fran\u00e7ois #04 are both NASCAR drivers with the Dumoulin Comp\u00e9tition team.\",\"breadcrumb\":{\"@id\":\"https:\\\/\\\/dumoulincompetition.com\\\/nos-pilotes\\\/#breadcrumb\"},\"inLanguage\":\"en-US\",\"potentialAction\":[{\"@type\":\"ReadAction\",\"target\":[\"https:\\\/\\\/dumoulincompetition.com\\\/nos-pilotes\\\/\"]}]},{\"@type\":\"ImageObject\",\"inLanguage\":\"en-US\",\"@id\":\"https:\\\/\\\/dumoulincompetition.com\\\/nos-pilotes\\\/#primaryimage\",\"url\":\"https:\\\/\\\/dumoulincompetition.com\\\/wp-content\\\/uploads\\\/2024\\\/11\\\/Photo-LP-JF.jpg\",\"contentUrl\":\"https:\\\/\\\/dumoulincompetition.com\\\/wp-content\\\/uploads\\\/2024\\\/11\\\/Photo-LP-JF.jpg\",\"width\":1620,\"height\":1080,\"caption\":\"LP et JF Dumoulin au GP3R\"},{\"@type\":\"BreadcrumbList\",\"@id\":\"https:\\\/\\\/dumoulincompetition.com\\\/nos-pilotes\\\/#breadcrumb\",\"itemListElement\":[{\"@type\":\"ListItem\",\"position\":1,\"name\":\"Accueil\",\"item\":\"https:\\\/\\\/dumoulincompetition.com\\\/\"},{\"@type\":\"ListItem\",\"position\":2,\"name\":\"Our drivers\"}]},{\"@type\":\"WebSite\",\"@id\":\"https:\\\/\\\/dumoulincompetition.com\\\/#website\",\"url\":\"https:\\\/\\\/dumoulincompetition.com\\\/\",\"name\":\"Dumoulin Comp\u00e9tition\",\"description\":\"Pilotes Automobiles Professionnels\",\"potentialAction\":[{\"@type\":\"SearchAction\",\"target\":{\"@type\":\"EntryPoint\",\"urlTemplate\":\"https:\\\/\\\/dumoulincompetition.com\\\/?s={search_term_string}\"},\"query-input\":{\"@type\":\"PropertyValueSpecification\",\"valueRequired\":true,\"valueName\":\"search_term_string\"}}],\"inLanguage\":\"en-US\"}]}<\/script>\n<!-- \/ Yoast SEO plugin. -->","yoast_head_json":{"title":"Our drivers - Dumoulin Comp\u00e9tition","description":"Louis-Philippe #47 and Jean-Fran\u00e7ois #04 are both NASCAR drivers with the Dumoulin Comp\u00e9tition team.","robots":{"index":"index","follow":"follow","max-snippet":"max-snippet:-1","max-image-preview":"max-image-preview:large","max-video-preview":"max-video-preview:-1"},"canonical":"https:\/\/dumoulincompetition.com\/nos-pilotes\/","og_locale":"en_US","og_type":"article","og_title":"Our drivers - Dumoulin Comp\u00e9tition","og_description":"Louis-Philippe #47 and Jean-Fran\u00e7ois #04 are both NASCAR drivers with the Dumoulin Comp\u00e9tition team.","og_url":"https:\/\/dumoulincompetition.com\/nos-pilotes\/","og_site_name":"Dumoulin Comp\u00e9tition","article_modified_time":"2025-03-18T14:37:13+00:00","og_image":[{"width":1620,"height":1080,"url":"https:\/\/dumoulincompetition.com\/wp-content\/uploads\/2024\/11\/Photo-LP-JF.jpg","type":"image\/jpeg"}],"twitter_card":"summary_large_image","schema":{"@context":"https:\/\/schema.org","@graph":[{"@type":"WebPage","@id":"https:\/\/dumoulincompetition.com\/nos-pilotes\/","url":"https:\/\/dumoulincompetition.com\/nos-pilotes\/","name":"Our drivers - Dumoulin Comp\u00e9tition","isPartOf":{"@id":"https:\/\/dumoulincompetition.com\/#website"},"primaryImageOfPage":{"@id":"https:\/\/dumoulincompetition.com\/nos-pilotes\/#primaryimage"},"image":{"@id":"https:\/\/dumoulincompetition.com\/nos-pilotes\/#primaryimage"},"thumbnailUrl":"https:\/\/dumoulincompetition.com\/wp-content\/uploads\/2024\/11\/Photo-LP-JF.jpg","datePublished":"2024-11-01T18:09:36+00:00","dateModified":"2025-03-18T14:37:13+00:00","description":"Louis-Philippe #47 and Jean-Fran\u00e7ois #04 are both NASCAR drivers with the Dumoulin Comp\u00e9tition team.","breadcrumb":{"@id":"https:\/\/dumoulincompetition.com\/nos-pilotes\/#breadcrumb"},"inLanguage":"en-US","potentialAction":[{"@type":"ReadAction","target":["https:\/\/dumoulincompetition.com\/nos-pilotes\/"]}]},{"@type":"ImageObject","inLanguage":"en-US","@id":"https:\/\/dumoulincompetition.com\/nos-pilotes\/#primaryimage","url":"https:\/\/dumoulincompetition.com\/wp-content\/uploads\/2024\/11\/Photo-LP-JF.jpg","contentUrl":"https:\/\/dumoulincompetition.com\/wp-content\/uploads\/2024\/11\/Photo-LP-JF.jpg","width":1620,"height":1080,"caption":"LP et JF Dumoulin au GP3R"},{"@type":"BreadcrumbList","@id":"https:\/\/dumoulincompetition.com\/nos-pilotes\/#breadcrumb","itemListElement":[{"@type":"ListItem","position":1,"name":"Accueil","item":"https:\/\/dumoulincompetition.com\/"},{"@type":"ListItem","position":2,"name":"Our drivers"}]},{"@type":"WebSite","@id":"https:\/\/dumoulincompetition.com\/#website","url":"https:\/\/dumoulincompetition.com\/","name":"Dumoulin Comp\u00e9tition","description":"Pilotes Automobiles Professionnels","potentialAction":[{"@type":"SearchAction","target":{"@type":"EntryPoint","urlTemplate":"https:\/\/dumoulincompetition.com\/?s={search_term_string}"},"query-input":{"@type":"PropertyValueSpecification","valueRequired":true,"valueName":"search_term_string"}}],"inLanguage":"en-US"}]}},"_links":{"self":[{"href":"https:\/\/dumoulincompetition.com\/en\/wp-json\/wp\/v2\/pages\/3323","targetHints":{"allow":["GET"]}}],"collection":[{"href":"https:\/\/dumoulincompetition.com\/en\/wp-json\/wp\/v2\/pages"}],"about":[{"href":"https:\/\/dumoulincompetition.com\/en\/wp-json\/wp\/v2\/types\/page"}],"author":[{"embeddable":true,"href":"https:\/\/dumoulincompetition.com\/en\/wp-json\/wp\/v2\/users\/1"}],"replies":[{"embeddable":true,"href":"https:\/\/dumoulincompetition.com\/en\/wp-json\/wp\/v2\/comments?post=3323"}],"version-history":[{"count":4,"href":"https:\/\/dumoulincompetition.com\/en\/wp-json\/wp\/v2\/pages\/3323\/revisions"}],"predecessor-version":[{"id":3955,"href":"https:\/\/dumoulincompetition.com\/en\/wp-json\/wp\/v2\/pages\/3323\/revisions\/3955"}],"wp:featuredmedia":[{"embeddable":true,"href":"https:\/\/dumoulincompetition.com\/en\/wp-json\/wp\/v2\/media\/1958"}],"wp:attachment":[{"href":"https:\/\/dumoulincompetition.com\/en\/wp-json\/wp\/v2\/media?parent=3323"}],"curies":[{"name":"wp","href":"https:\/\/api.w.org\/{rel}","templated":true}]}}